{"id":435,"date":"2019-01-15T00:51:29","date_gmt":"2019-01-14T23:51:29","guid":{"rendered":"https:\/\/kollektivbibliothek.noblogs.org\/?page_id=435"},"modified":"2019-01-24T22:35:51","modified_gmt":"2019-01-24T21:35:51","slug":"netzwerk","status":"publish","type":"page","link":"https:\/\/kollektivbibliothek.noblogs.org\/?page_id=435","title":{"rendered":"Netzwerk &#8211; der politische F\u00f6rderfond"},"content":{"rendered":"<p><a href=\"https:\/\/kollektivbibliothek.noblogs.org\/?attachment_id=434\" rel=\"attachment wp-att-434\"><img loading=\"lazy\" decoding=\"async\" class=\"alignright size-full wp-image-434\" src=\"https:\/\/kollektivbibliothek.noblogs.org\/files\/2019\/01\/nwButtonOrangeWeb-300x110.png\" alt=\"\" width=\"300\" height=\"110\"><\/a>Netzwerk &#8211; der politische F\u00f6rderfond<\/p>\n<p>hat die Kollektivbibliothek finanziell unterst\u00fctzt. An dieser Stelle Gro\u00dfen Dank:<\/p>\n<p>Dadurch konnte die Infrastruktur (Drucker, Computer) verbessert und der B\u00fccherbestand aktuell erweitert werden.<\/p>\n<p>Netzwerk ist Begr\u00fcnder eines solidarischen F\u00f6rderfonds, der durch seine Mitglieder getragen wird. So k\u00f6nnen Projekte gef\u00f6rdert und unterst\u00fctzt werden, die sich f\u00fcr eine solidarische und lebenswerte Gesellschaft einsetzen. Die Verwirklichung des politischen Anspruchs auf Selbstorganisation und f\u00fcr einander Einstehens ist weiterhin unser zukunftstr\u00e4chtiges Anliegen.<\/p>\n<p>F\u00fcr mehr Informationen siehe :<\/p>\n<p><strong>https:\/\/www.netzwerk-selbsthilfe.de\/netzwerk\/<\/strong><\/p>\n<p>&nbsp;<\/p>\n","protected":false},"excerpt":{"rendered":"<p>Netzwerk &#8211; der politische F\u00f6rderfond hat die Kollektivbibliothek finanziell unterst\u00fctzt. An dieser Stelle Gro\u00dfen Dank: Dadurch konnte die Infrastruktur (Drucker, Computer) verbessert und der B\u00fccherbestand aktuell erweitert werden. Netzwerk ist Begr\u00fcnder eines solidarischen F\u00f6rderfonds, der durch seine Mitglieder getragen wird. &hellip; <a href=\"https:\/\/kollektivbibliothek.noblogs.org\/?page_id=435\">Weiterlesen <span class=\"meta-nav\">&rarr;<\/span><\/a><\/p>\n","protected":false},"author":6165,"featured_media":0,"parent":0,"menu_order":0,"comment_status":"closed","ping_status":"closed","template":"","meta":{"footnotes":""},"class_list":["post-435","page","type-page","status-publish","hentry"],"_links":{"self":[{"href":"https:\/\/kollektivbibliothek.noblogs.org\/index.php?rest_route=\/wp\/v2\/pages\/435","targetHints":{"allow":["GET"]}}],"collection":[{"href":"https:\/\/kollektivbibliothek.noblogs.org\/index.php?rest_route=\/wp\/v2\/pages"}],"about":[{"href":"https:\/\/kollektivbibliothek.noblogs.org\/index.php?rest_route=\/wp\/v2\/types\/page"}],"author":[{"embeddable":true,"href":"https:\/\/kollektivbibliothek.noblogs.org\/index.php?rest_route=\/wp\/v2\/users\/6165"}],"replies":[{"embeddable":true,"href":"https:\/\/kollektivbibliothek.noblogs.org\/index.php?rest_route=%2Fwp%2Fv2%2Fcomments&post=435"}],"version-history":[{"count":3,"href":"https:\/\/kollektivbibliothek.noblogs.org\/index.php?rest_route=\/wp\/v2\/pages\/435\/revisions"}],"predecessor-version":[{"id":441,"href":"https:\/\/kollektivbibliothek.noblogs.org\/index.php?rest_route=\/wp\/v2\/pages\/435\/revisions\/441"}],"wp:attachment":[{"href":"https:\/\/kollektivbibliothek.noblogs.org\/index.php?rest_route=%2Fwp%2Fv2%2Fmedia&parent=435"}],"curies":[{"name":"wp","href":"https:\/\/api.w.org\/{rel}","templated":true}]}}