{"id":49,"date":"2013-01-19T22:39:33","date_gmt":"2013-01-19T21:39:33","guid":{"rendered":"http:\/\/kollektivbibliothek.noblogs.org\/?page_id=49"},"modified":"2023-03-06T14:00:16","modified_gmt":"2023-03-06T13:00:16","slug":"veranstaltungen","status":"publish","type":"page","link":"https:\/\/kollektivbibliothek.noblogs.org\/?page_id=49","title":{"rendered":"Veranstaltungen"},"content":{"rendered":"<header class=\"entry-header\">Am 1.M\u00e4rz fand in Berlin\u00a0 im Bona Peiser Kulturzentrum die von der Kollektivbibliothek mitorganisierte Veranstaltung zu Georg Welzel mit dem Buchautor Ra\u00fal Riebenbauer statt. Die sp\u00e4rlich besuchte Veranstaltung wurde einen Tag sp\u00e4etr mit diesmal \u00fcber 40 Besucher*innen in Cottbus, dem Geburtsort von Georg Welzel wiederholt. <img loading=\"lazy\" decoding=\"async\" class=\"alignleft size-full wp-image-2184\" src=\"https:\/\/kollektivbibliothek.noblogs.org\/files\/2023\/03\/signal-2023-02-21-210245_002.jpeg\" alt=\"\" width=\"1024\" height=\"1468\" srcset=\"https:\/\/kollektivbibliothek.noblogs.org\/files\/2023\/03\/signal-2023-02-21-210245_002.jpeg 1024w, https:\/\/kollektivbibliothek.noblogs.org\/files\/2023\/03\/signal-2023-02-21-210245_002-209x300.jpeg 209w, https:\/\/kollektivbibliothek.noblogs.org\/files\/2023\/03\/signal-2023-02-21-210245_002-714x1024.jpeg 714w, https:\/\/kollektivbibliothek.noblogs.org\/files\/2023\/03\/signal-2023-02-21-210245_002-768x1101.jpeg 768w\" sizes=\"auto, (max-width: 1024px) 100vw, 1024px\" \/>Das Buch dazu in spanischer Sprache unter dem Titel &#8222;El Silencio de Georg&#8220;, 2021 in dem Verlag La Vor\u00e1gine in Santander ver\u00f6ffentlicht, kann bei uns ausgeliehen werden.<\/p>\n<p><img loading=\"lazy\" decoding=\"async\" class=\"alignleft size-full wp-image-2185\" src=\"https:\/\/kollektivbibliothek.noblogs.org\/files\/2023\/03\/Portada-ELSILENCIODEGEORG.jpeg\" alt=\"\" width=\"885\" height=\"1290\" srcset=\"https:\/\/kollektivbibliothek.noblogs.org\/files\/2023\/03\/Portada-ELSILENCIODEGEORG.jpeg 885w, https:\/\/kollektivbibliothek.noblogs.org\/files\/2023\/03\/Portada-ELSILENCIODEGEORG-206x300.jpeg 206w, https:\/\/kollektivbibliothek.noblogs.org\/files\/2023\/03\/Portada-ELSILENCIODEGEORG-703x1024.jpeg 703w, https:\/\/kollektivbibliothek.noblogs.org\/files\/2023\/03\/Portada-ELSILENCIODEGEORG-768x1119.jpeg 768w\" sizes=\"auto, (max-width: 885px) 100vw, 885px\" \/><\/p>\n<h1><\/h1>\n<h1><strong>\u039f\u03b9 \u03a0\u03b1\u03c1\u03c4\u03b9\u03b6\u03ac\u03bd\u03bf\u03b9 \u03c4\u03c9\u03bd \u0391\u03b8\u03b7\u03bd\u03ce\u03bd &#8211; The partisans of Athens<\/strong><\/h1>\n<h2 class=\"entry-title\">27.Januar 2020, 20.15 h<\/h2>\n<h2 class=\"entry-title\">Anarchistisches Infocaf\u00e9 + Kollektivbibliothek<\/h2>\n<p><strong>New Yorck im Bethanien<\/strong><\/p>\n<\/header>\n<div class=\"entry-content\">\n<p><strong>The partisans of Athens (Film+Deabatte) :<\/strong> (<strong>2018, 72 min, Greece), <\/strong><\/p>\n<p><strong>greek with english subtitles\/ <\/strong><strong>Xenofon Vardaros + Yannis Xydas.<\/strong><\/p>\n<p>Diese Film-Dokumentation zeigt die Geschichten von 14 Menschen w\u00e4hrend der Nazi-Besetzung Griechenlands. Auf Grundlage der Erinnerung von vierzehn Menschen an die Zeit des 2. Weltkriegs in Athen, entstand ein Film \u00fcber das kollektive Ged\u00e4chtnis, den Kampf eines Volkes gegen italienische Faschisten, deutsche Nazis und ihre griechischen Kollaborateure.<\/p>\n<p>Augenzeugenberichte veranschaulichen den antifaschistischen Kampf der Athener von der Zeit der grossen Hungersnot 1941-42 bis zur Befreiung Athens.<\/p>\n<p>Der Film fand grosse Beachtung auf dem Workers Unite Film Festival 2018 in New York City. Er besticht durch seltenes Archivmaterial, dem vibrierenden Sound der griechischen Indie-Gruppe <em>drog_A_tek <\/em><\/p>\n<figure class=\"wp-block-image size-large is-resized\"><img loading=\"lazy\" decoding=\"async\" class=\"wp-image-1481\" src=\"https:\/\/newyorck.tools4activists.org\/files\/2020\/01\/index.jpeg\" alt=\"\" width=\"439\" height=\"302\" \/><\/figure>\n<p class=\"has-text-color\"><strong>The Partisans of Athens is a new documentary about the Resistance during the Nazi Occupation of Athens (1941-1944). Fourteen people recall memories from that period.<\/strong><\/p>\n<p class=\"has-text-color\"><strong>The film is about collective memory, about an entire people\u2019s struggle against Italian Fascists, German Nazis, and their Greek collaborators. Based on the testimonials of those who took part in the resistance, The Partisans of Athens sheds light on stories of struggle from the period of the great famine of 1941-42 to the liberation of Athens.<\/strong><\/p>\n<p class=\"has-text-color\"><strong>The 14 protagonists create a mosaic of experiences, struggles, and expectations of men and women who chose to stand against defeatism and collaboration with Nazism. Including rare archival material, the original music score of drog_A_tek and footage of historic neighborhoods in today\u2019s Athens. <\/strong><\/p>\n<p>19.30 h Food (K\u00fcfa) \u2013 very nice.<\/p>\n<\/div>\n","protected":false},"excerpt":{"rendered":"<p>Am 1.M\u00e4rz fand in Berlin\u00a0 im Bona Peiser Kulturzentrum die von der Kollektivbibliothek mitorganisierte Veranstaltung zu Georg Welzel mit dem Buchautor Ra\u00fal Riebenbauer statt. Die sp\u00e4rlich besuchte Veranstaltung wurde einen Tag sp\u00e4etr mit diesmal \u00fcber 40 Besucher*innen in Cottbus, dem &hellip; <a href=\"https:\/\/kollektivbibliothek.noblogs.org\/?page_id=49\">Weiterlesen <span class=\"meta-nav\">&rarr;<\/span><\/a><\/p>\n","protected":false},"author":6165,"featured_media":0,"parent":0,"menu_order":0,"comment_status":"closed","ping_status":"open","template":"","meta":{"footnotes":""},"class_list":["post-49","page","type-page","status-publish","hentry"],"_links":{"self":[{"href":"https:\/\/kollektivbibliothek.noblogs.org\/index.php?rest_route=\/wp\/v2\/pages\/49","targetHints":{"allow":["GET"]}}],"collection":[{"href":"https:\/\/kollektivbibliothek.noblogs.org\/index.php?rest_route=\/wp\/v2\/pages"}],"about":[{"href":"https:\/\/kollektivbibliothek.noblogs.org\/index.php?rest_route=\/wp\/v2\/types\/page"}],"author":[{"embeddable":true,"href":"https:\/\/kollektivbibliothek.noblogs.org\/index.php?rest_route=\/wp\/v2\/users\/6165"}],"replies":[{"embeddable":true,"href":"https:\/\/kollektivbibliothek.noblogs.org\/index.php?rest_route=%2Fwp%2Fv2%2Fcomments&post=49"}],"version-history":[{"count":5,"href":"https:\/\/kollektivbibliothek.noblogs.org\/index.php?rest_route=\/wp\/v2\/pages\/49\/revisions"}],"predecessor-version":[{"id":2188,"href":"https:\/\/kollektivbibliothek.noblogs.org\/index.php?rest_route=\/wp\/v2\/pages\/49\/revisions\/2188"}],"wp:attachment":[{"href":"https:\/\/kollektivbibliothek.noblogs.org\/index.php?rest_route=%2Fwp%2Fv2%2Fmedia&parent=49"}],"curies":[{"name":"wp","href":"https:\/\/api.w.org\/{rel}","templated":true}]}}